{"id":158,"date":"2017-10-04T06:13:18","date_gmt":"2017-10-04T06:13:18","guid":{"rendered":"http:\/\/www.cbvcollections.com\/beta\/?page_id=158"},"modified":"2017-10-23T17:34:41","modified_gmt":"2017-10-23T17:34:41","slug":"porter-plainte","status":"publish","type":"page","link":"https:\/\/www.cbvcollections.com\/fr\/services-consommateur\/porter-plainte\/","title":{"rendered":"Porter plainte"},"content":{"rendered":"<h4>Votre opinion est importante pour nous.<\/h4>\n<p>Si, pour quelque raison que ce soit, vous n&rsquo;\u00eates pas satisfait avec nos services, veuillez nous en aviser. Nous prenons les plaintes au s\u00e9rieux et tentons de rendre votre exp\u00e9rience aussi conviviale, efficace et plaisante que possible. Votre r\u00e9troaction est importante pour nous.<\/p>\n\n<div class=\"wpcf7 no-js\" id=\"wpcf7-f462-o1\" lang=\"en-US\" dir=\"ltr\" data-wpcf7-id=\"462\">\n<div class=\"screen-reader-response\"><p role=\"status\" aria-live=\"polite\" aria-atomic=\"true\"><\/p> <ul><\/ul><\/div>\n<form action=\"\/fr\/wp-json\/wp\/v2\/pages\/158#wpcf7-f462-o1\" method=\"post\" class=\"wpcf7-form init\" aria-label=\"Contact form\" novalidate=\"novalidate\" data-status=\"init\">\n<fieldset class=\"hidden-fields-container\"><input type=\"hidden\" name=\"_wpcf7\" value=\"462\" \/><input type=\"hidden\" name=\"_wpcf7_version\" value=\"6.1.5\" \/><input type=\"hidden\" name=\"_wpcf7_locale\" value=\"en_US\" \/><input type=\"hidden\" name=\"_wpcf7_unit_tag\" value=\"wpcf7-f462-o1\" \/><input type=\"hidden\" name=\"_wpcf7_container_post\" value=\"0\" \/><input type=\"hidden\" name=\"_wpcf7_posted_data_hash\" value=\"\" \/><input type=\"hidden\" name=\"_wpcf7_recaptcha_response\" value=\"\" \/>\n<\/fieldset>\n<div class=\"form-block-outer\">\n\t<div class=\"form-block-row cform\">\n\t\t<div class=\"form-block-left\">\n\t\t\t<p><label>Pr\u00e9nom : *<\/label>\n\t\t\t<\/p>\n\t\t<\/div>\n\t\t<div class=\"form-block-right\">\n\t\t\t<p><span class=\"wpcf7-form-control-wrap\" data-name=\"your-name\"><input size=\"40\" maxlength=\"400\" class=\"wpcf7-form-control wpcf7-text wpcf7-validates-as-required\" aria-required=\"true\" aria-invalid=\"false\" value=\"\" type=\"text\" name=\"your-name\" \/><\/span>\n\t\t\t<\/p>\n\t\t<\/div>\n\t<\/div>\n\t<div class=\"form-block-row cform\">\n\t\t<div class=\"form-block-left\">\n\t\t\t<p><label>Nom de famille : *<\/label>\n\t\t\t<\/p>\n\t\t<\/div>\n\t\t<div class=\"form-block-right\">\n\t\t\t<p><span class=\"wpcf7-form-control-wrap\" data-name=\"last-name\"><input size=\"40\" maxlength=\"400\" class=\"wpcf7-form-control wpcf7-text wpcf7-validates-as-required\" aria-required=\"true\" aria-invalid=\"false\" value=\"\" type=\"text\" name=\"last-name\" \/><\/span>\n\t\t\t<\/p>\n\t\t<\/div>\n\t<\/div>\n\t<div class=\"form-block-row cform phone-num\">\n\t\t<div class=\"form-block-left\">\n\t\t\t<p><label>Num\u00e9ro de t\u00e9l\u00e9phone :<\/label>\n\t\t\t<\/p>\n\t\t<\/div>\n\t\t<div class=\"form-block-right\">\n\t\t\t<div class=\"phone-num1\">\n\t\t\t\t<p><span class=\"wpcf7-form-control-wrap\" data-name=\"phone1\"><input size=\"40\" maxlength=\"3\" class=\"wpcf7-form-control wpcf7-text\" aria-invalid=\"false\" value=\"\" type=\"text\" name=\"phone1\" \/><\/span>\n\t\t\t\t<\/p>\n\t\t\t<\/div>\n\t\t\t<div class=\"phone-num2\">\n\t\t\t\t<p><span class=\"wpcf7-form-control-wrap\" data-name=\"phone2\"><input size=\"40\" maxlength=\"3\" class=\"wpcf7-form-control wpcf7-text\" aria-invalid=\"false\" value=\"\" type=\"text\" name=\"phone2\" \/><\/span>\n\t\t\t\t<\/p>\n\t\t\t<\/div>\n\t\t\t<div class=\"phone-num3\">\n\t\t\t\t<p><span class=\"wpcf7-form-control-wrap\" data-name=\"phone3\"><input size=\"40\" maxlength=\"4\" class=\"wpcf7-form-control wpcf7-text\" aria-invalid=\"false\" value=\"\" type=\"text\" name=\"phone3\" \/><\/span>\n\t\t\t\t<\/p>\n\t\t\t<\/div>\n\t\t<\/div>\n\t<\/div>\n\t<div class=\"form-block-row cform\">\n\t\t<div class=\"form-block-left\">\n\t\t<\/div>\n\t\t<div class=\"form-block-right\">\n\t\t\t<div class=\"phone-num1\">\n\t\t\t\t<p><span>###<\/span>\n\t\t\t\t<\/p>\n\t\t\t<\/div>\n\t\t\t<div class=\"phone-num2\">\n\t\t\t\t<p><span>###<\/span>\n\t\t\t\t<\/p>\n\t\t\t<\/div>\n\t\t\t<div class=\"phone-num3\">\n\t\t\t\t<p><span>####<\/span>\n\t\t\t\t<\/p>\n\t\t\t<\/div>\n\t\t<\/div>\n\t<\/div>\n\t<div class=\"form-block-row cform\">\n\t\t<div class=\"form-block-left\">\n\t\t\t<p><label>Adresse de courriel : *<\/label>\n\t\t\t<\/p>\n\t\t<\/div>\n\t\t<div class=\"form-block-right\">\n\t\t\t<p><span class=\"wpcf7-form-control-wrap\" data-name=\"your-email\"><input size=\"40\" maxlength=\"400\" class=\"wpcf7-form-control wpcf7-email wpcf7-validates-as-required wpcf7-text wpcf7-validates-as-email\" aria-required=\"true\" aria-invalid=\"false\" value=\"\" type=\"email\" name=\"your-email\" \/><\/span>\n\t\t\t<\/p>\n\t\t<\/div>\n\t<\/div>\n\t<div class=\"form-block-row cform\">\n\t\t<div class=\"form-block-left\">\n\t\t\t<p><label>Je veux :<\/label>\n\t\t\t<\/p>\n\t\t<\/div>\n\t\t<div class=\"form-block-right\">\n\t\t\t<p><span class=\"wpcf7-form-control-wrap\" data-name=\"select-list\"><select class=\"wpcf7-form-control wpcf7-select\" aria-invalid=\"false\" name=\"select-list\"><option value=\"Discuter de la fa\u00e7on dont j&#039;ai \u00e9t\u00e9 trait\u00e9\">Discuter de la fa\u00e7on dont j&#039;ai \u00e9t\u00e9 trait\u00e9<\/option><option value=\"Contester ma cr\u00e9ance\">Contester ma cr\u00e9ance<\/option><option value=\"Vous informer que je ne suis pas la personne recherch\u00e9e\">Vous informer que je ne suis pas la personne recherch\u00e9e<\/option><option value=\"D\u00e9poser une plainte \u00e0 la LAPHO.\">D\u00e9poser une plainte \u00e0 la LAPHO.<\/option><option value=\"Autre\">Autre<\/option><\/select><\/span>\n\t\t\t<\/p>\n\t\t<\/div>\n\t<\/div>\n\t<div class=\"form-block-row cform\">\n\t\t<div class=\"form-block-left\">\n\t\t\t<p><label>Autre<\/label>\n\t\t\t<\/p>\n\t\t<\/div>\n\t\t<div class=\"form-block-right\">\n\t\t\t<p><span class=\"wpcf7-form-control-wrap\" data-name=\"your-comments\"><textarea cols=\"40\" rows=\"10\" maxlength=\"2000\" class=\"wpcf7-form-control wpcf7-textarea\" aria-invalid=\"false\" name=\"your-comments\"><\/textarea><\/span>\n\t\t\t<\/p>\n\t\t<\/div>\n\t<\/div>\n <!--<div class=\"form-block-row cform\">\n       [cf7sr-simple-recaptcha]\n   <\/div>-->\n\t<div class=\"form-block-row cform\">\n\t\t<div class=\"button\">\n\t\t\t<p><input class=\"wpcf7-form-control wpcf7-submit has-spinner button\" type=\"submit\" value=\"Envoyer\" \/>\n\t\t\t<\/p>\n\t\t<\/div>\n\t<\/div>\n<\/div>\n<p>Si vous souhaitez en apprendre davantage \u00e0 propos de la Loi sur la protection des renseignements personnels du Canada et vos droits, veuillez<a href=\"https:\/\/laws-lois.justice.gc.ca\/fra\/lois\/p-21\/index.html\" target=\"_blank\" title=\"Canadian Privacy Act\"> cliquer ici.<\/a>\n<\/p><div class=\"wpcf7-response-output\" aria-hidden=\"true\"><\/div>\n<\/form>\n<\/div>\n\n","protected":false},"excerpt":{"rendered":"<p>Votre opinion est importante pour nous. Si, pour quelque raison que ce soit, vous n&rsquo;\u00eates pas satisfait avec nos services, veuillez nous en aviser. Nous prenons les plaintes au s\u00e9rieux et tentons de rendre votre exp\u00e9rience aussi conviviale, efficace et plaisante que possible. Votre r\u00e9troaction est importante pour nous.<\/p>\n","protected":false},"author":1,"featured_media":590,"parent":195,"menu_order":38,"comment_status":"closed","ping_status":"closed","template":"page-templates\/three-column.php","meta":{"_acf_changed":false,"footnotes":""},"class_list":["post-158","page","type-page","status-publish","has-post-thumbnail","hentry"],"acf":[],"_links":{"self":[{"href":"https:\/\/www.cbvcollections.com\/fr\/wp-json\/wp\/v2\/pages\/158","targetHints":{"allow":["GET"]}}],"collection":[{"href":"https:\/\/www.cbvcollections.com\/fr\/wp-json\/wp\/v2\/pages"}],"about":[{"href":"https:\/\/www.cbvcollections.com\/fr\/wp-json\/wp\/v2\/types\/page"}],"author":[{"embeddable":true,"href":"https:\/\/www.cbvcollections.com\/fr\/wp-json\/wp\/v2\/users\/1"}],"replies":[{"embeddable":true,"href":"https:\/\/www.cbvcollections.com\/fr\/wp-json\/wp\/v2\/comments?post=158"}],"version-history":[{"count":5,"href":"https:\/\/www.cbvcollections.com\/fr\/wp-json\/wp\/v2\/pages\/158\/revisions"}],"predecessor-version":[{"id":465,"href":"https:\/\/www.cbvcollections.com\/fr\/wp-json\/wp\/v2\/pages\/158\/revisions\/465"}],"up":[{"embeddable":true,"href":"https:\/\/www.cbvcollections.com\/fr\/wp-json\/wp\/v2\/pages\/195"}],"wp:featuredmedia":[{"embeddable":true,"href":"https:\/\/www.cbvcollections.com\/fr\/wp-json\/wp\/v2\/media\/590"}],"wp:attachment":[{"href":"https:\/\/www.cbvcollections.com\/fr\/wp-json\/wp\/v2\/media?parent=158"}],"curies":[{"name":"wp","href":"https:\/\/api.w.org\/{rel}","templated":true}]}}