{"id":166,"date":"2017-10-04T06:19:46","date_gmt":"2017-10-04T06:19:46","guid":{"rendered":"http:\/\/www.cbvcollections.com\/beta\/?page_id=166"},"modified":"2024-05-08T06:07:11","modified_gmt":"2024-05-08T06:07:11","slug":"options-de-paiement","status":"publish","type":"page","link":"https:\/\/www.cbvcollections.com\/fr\/effectuer-un-paiement\/options-de-paiement\/","title":{"rendered":"Options de paiement"},"content":{"rendered":"<h4>Vous avez des choix. Plusieurs choix.<\/h4>\n<p>Si vous devez payer un compte en souffrance, suivez ces \u00e9tapes simples :<\/p>\n<ol>\n<li>Assurez-vous d&rsquo;avoir en main la lettre de CBV. <\/li>\n<li> Soulignez le num\u00e9ro TED (EDP). Vous en aurez besoin pour continuer.<\/li>\n<li>Choisissez une option de paiement :<br \/>\n<a href=\"https:\/\/www.cbvcollections.com\/fr\/effectuer-un-paiement\/payer-par-carte-de-credit\/\" class=\"common-link\">Payer par carte de cr\u00e9dit (disponible uniquement pour les comptes admissibles)<\/a><br \/>\n<a href=\"https:\/\/www.cbvcollections.com\/fr\/effectuer-un-paiement\/payez-en-ligne\/\" class=\"common-link\">En ligne<\/a><br \/>\n<a href=\"https:\/\/www.cbvcollections.com\/fr\/effectuer-un-paiement\/payer-en-personne\/\" class=\"common-link\">En personne \u00e0 une institution bancaire ou \u00e0 une caisse populaire<\/a>\n<\/li>\n<li>Payez et Reposez-vous.<\/li>\n<\/ol>\n","protected":false},"excerpt":{"rendered":"<p>Vous avez des choix. Plusieurs choix. Si vous devez payer un compte en souffrance, suivez ces \u00e9tapes simples : Assurez-vous d&rsquo;avoir en main la lettre de CBV. Soulignez le num\u00e9ro TED (EDP). Vous en aurez besoin pour continuer. Choisissez une option de paiement : Payer par carte de cr\u00e9dit (disponible uniquement pour les comptes admissibles) &hellip; <\/p>\n<p class=\"link-more\"><a href=\"https:\/\/www.cbvcollections.com\/fr\/effectuer-un-paiement\/options-de-paiement\/\" class=\"more-link\">Continue reading<span class=\"screen-reader-text\"> \u00ab\u00a0Options de paiement\u00a0\u00bb<\/span><\/a><\/p>\n","protected":false},"author":1,"featured_media":587,"parent":163,"menu_order":51,"comment_status":"closed","ping_status":"closed","template":"page-templates\/three-column.php","meta":{"_acf_changed":false,"footnotes":""},"class_list":["post-166","page","type-page","status-publish","has-post-thumbnail","hentry"],"acf":[],"_links":{"self":[{"href":"https:\/\/www.cbvcollections.com\/fr\/wp-json\/wp\/v2\/pages\/166","targetHints":{"allow":["GET"]}}],"collection":[{"href":"https:\/\/www.cbvcollections.com\/fr\/wp-json\/wp\/v2\/pages"}],"about":[{"href":"https:\/\/www.cbvcollections.com\/fr\/wp-json\/wp\/v2\/types\/page"}],"author":[{"embeddable":true,"href":"https:\/\/www.cbvcollections.com\/fr\/wp-json\/wp\/v2\/users\/1"}],"replies":[{"embeddable":true,"href":"https:\/\/www.cbvcollections.com\/fr\/wp-json\/wp\/v2\/comments?post=166"}],"version-history":[{"count":7,"href":"https:\/\/www.cbvcollections.com\/fr\/wp-json\/wp\/v2\/pages\/166\/revisions"}],"predecessor-version":[{"id":1535,"href":"https:\/\/www.cbvcollections.com\/fr\/wp-json\/wp\/v2\/pages\/166\/revisions\/1535"}],"up":[{"embeddable":true,"href":"https:\/\/www.cbvcollections.com\/fr\/wp-json\/wp\/v2\/pages\/163"}],"wp:featuredmedia":[{"embeddable":true,"href":"https:\/\/www.cbvcollections.com\/fr\/wp-json\/wp\/v2\/media\/587"}],"wp:attachment":[{"href":"https:\/\/www.cbvcollections.com\/fr\/wp-json\/wp\/v2\/media?parent=166"}],"curies":[{"name":"wp","href":"https:\/\/api.w.org\/{rel}","templated":true}]}}