{"id":173,"date":"2017-10-04T06:22:04","date_gmt":"2017-10-04T06:22:04","guid":{"rendered":"http:\/\/www.cbvcollections.com\/beta\/?page_id=173"},"modified":"2019-10-18T13:46:04","modified_gmt":"2019-10-18T13:46:04","slug":"payez-en-ligne","status":"publish","type":"page","link":"https:\/\/www.cbvcollections.com\/fr\/effectuer-un-paiement\/payez-en-ligne\/","title":{"rendered":"Payer en ligne"},"content":{"rendered":"<p><img loading=\"lazy\" decoding=\"async\" src=\"https:\/\/www.cbvcollections.com\/beta\/wp-content\/uploads\/2017\/10\/paypal.png\" alt=\"\" width=\"55\" height=\"62\" class=\"alignleft size-full wp-image-486\" srcset=\"https:\/\/www.cbvcollections.com\/wp-content\/uploads\/2017\/10\/paypal.png 55w, https:\/\/www.cbvcollections.com\/wp-content\/uploads\/2017\/10\/paypal-21x24.png 21w, https:\/\/www.cbvcollections.com\/wp-content\/uploads\/2017\/10\/paypal-32x36.png 32w, https:\/\/www.cbvcollections.com\/wp-content\/uploads\/2017\/10\/paypal-43x48.png 43w\" sizes=\"auto, (max-width: 55px) 100vw, 55px\" \/><\/p>\n<p>Si vous faites affaire avec une institution bancaire majeure ou une caisse populaire et vous souhaitez faire un paiement unique ou plusieurs versements, cette option est celle que vous recherchez.<\/p>\n<h6>Voici comment proc\u00e9der :<\/h6>\n<ol>\n<li>Visitez votre institution bancaire en ligne.<\/li>\n<li>\nS\u00e9lectionnez l&rsquo;option \u00ab Ajouter une facture \u00bb et lancez une recherche \u00e0 l\u2019aide d&rsquo;un des crit\u00e8res suivants:<br \/>\nCBV Collection Services Ltd.<br \/>\nCBV Collections<br \/>\nAgence de recouvrement CBV<\/li>\n<li>Lorsque vous aurez trouv\u00e9 le fournisseur, ajoutez CBV \u00e0 votre liste.<\/li>\n<li>Transf\u00e9rez l&rsquo;argent en utilisant le num\u00e9ro TED (EDP) comme num\u00e9ro de compte.(Remarque : Ne saisissez pas les tirets. Ne saisissez que le num\u00e9ro.)<\/li>\n<li>Vous recevrez un re\u00e7u bancaire. Conservez ce re\u00e7u pour vos dossiers.<\/li>\n<\/ol>\n<h6>Banques Liens<\/h6>\n<p><a class=\"common-link\" href=\"http:\/\/www.rbcroyalbank.com\/\" target=\"_blank\" rel=\"noopener noreferrer\">RBC Banque Royale<\/a><br \/>\n<a class=\"common-link\" href=\"https:\/\/www.td.com\/ca\/en\/personal-banking\/\" target=\"_blank\" rel=\"noopener noreferrer\">TD Canada Trust<\/a><br \/>\n<a class=\"common-link\" href=\"https:\/\/www.cibc.com\/en\/personal-banking.html\" target=\"_blank\" rel=\"noopener noreferrer\">CIBC<\/a><br \/>\n<a class=\"common-link\" href=\"https:\/\/www.bmo.com\/main\/personal\" target=\"_blank\" rel=\"noopener noreferrer\">BMO<\/a><br \/>\n<a class=\"common-link\" href=\"http:\/\/www.scotiabank.com\/gls\/en\/index.html#about\" target=\"_blank\" rel=\"noopener noreferrer\">Scotiabank<\/a><br \/>\n<a class=\"common-link\" href=\"http:\/\/www.hsbc.com\/\" target=\"_blank\" rel=\"noopener noreferrer\">HSBC<\/a><\/p>\n","protected":false},"excerpt":{"rendered":"<p>Si vous faites affaire avec une institution bancaire majeure ou une caisse populaire et vous souhaitez faire un paiement unique ou plusieurs versements, cette option est celle que vous recherchez. Voici comment proc\u00e9der : Visitez votre institution bancaire en ligne. S\u00e9lectionnez l&rsquo;option \u00ab Ajouter une facture \u00bb et lancez une recherche \u00e0 l\u2019aide d&rsquo;un des &hellip; <\/p>\n<p class=\"link-more\"><a href=\"https:\/\/www.cbvcollections.com\/fr\/effectuer-un-paiement\/payez-en-ligne\/\" class=\"more-link\">Continue reading<span class=\"screen-reader-text\"> \u00ab\u00a0Payer en ligne\u00a0\u00bb<\/span><\/a><\/p>\n","protected":false},"author":1,"featured_media":587,"parent":163,"menu_order":61,"comment_status":"closed","ping_status":"closed","template":"page-templates\/three-column.php","meta":{"_acf_changed":false,"footnotes":""},"class_list":["post-173","page","type-page","status-publish","has-post-thumbnail","hentry"],"acf":[],"_links":{"self":[{"href":"https:\/\/www.cbvcollections.com\/fr\/wp-json\/wp\/v2\/pages\/173","targetHints":{"allow":["GET"]}}],"collection":[{"href":"https:\/\/www.cbvcollections.com\/fr\/wp-json\/wp\/v2\/pages"}],"about":[{"href":"https:\/\/www.cbvcollections.com\/fr\/wp-json\/wp\/v2\/types\/page"}],"author":[{"embeddable":true,"href":"https:\/\/www.cbvcollections.com\/fr\/wp-json\/wp\/v2\/users\/1"}],"replies":[{"embeddable":true,"href":"https:\/\/www.cbvcollections.com\/fr\/wp-json\/wp\/v2\/comments?post=173"}],"version-history":[{"count":2,"href":"https:\/\/www.cbvcollections.com\/fr\/wp-json\/wp\/v2\/pages\/173\/revisions"}],"predecessor-version":[{"id":494,"href":"https:\/\/www.cbvcollections.com\/fr\/wp-json\/wp\/v2\/pages\/173\/revisions\/494"}],"up":[{"embeddable":true,"href":"https:\/\/www.cbvcollections.com\/fr\/wp-json\/wp\/v2\/pages\/163"}],"wp:featuredmedia":[{"embeddable":true,"href":"https:\/\/www.cbvcollections.com\/fr\/wp-json\/wp\/v2\/media\/587"}],"wp:attachment":[{"href":"https:\/\/www.cbvcollections.com\/fr\/wp-json\/wp\/v2\/media?parent=173"}],"curies":[{"name":"wp","href":"https:\/\/api.w.org\/{rel}","templated":true}]}}