{"id":176,"date":"2017-10-04T06:22:45","date_gmt":"2017-10-04T06:22:45","guid":{"rendered":"http:\/\/www.cbvcollections.com\/beta\/?page_id=176"},"modified":"2025-06-12T08:16:40","modified_gmt":"2025-06-12T08:16:40","slug":"payer-par-carte-de-credit","status":"publish","type":"page","link":"https:\/\/www.cbvcollections.com\/fr\/effectuer-un-paiement\/payer-par-carte-de-credit\/","title":{"rendered":"Payer par carte de cr\u00e9dit\/debit"},"content":{"rendered":"<div style=\"margin: 0 auto;\">\n<div>\n<p><span style=\"color: #ff0000;\">Ordinateur : <\/span><a href=\"https:\/\/cbv.billpay.services\/?fr\"><span style=\"color: #ff0000; border-bottom: 1px solid red;\">Cliquez ici<\/span><\/a><span style=\"color: #ff0000;\">, afin d\u2019\u00eatre redirig\u00e9 vers notre portail de paiement<\/span><\/p>\n<p><span style=\"color: #ff0000;\">T\u00e9l\u00e9phone mobile : <\/span><a href=\"https:\/\/cbv.billpay.services\/?fr\"><span style=\"color: #ff0000; border-bottom: 1px solid red;\">Cliquez ici<\/span><\/a><span style=\"color: #ff0000;\">, afin d\u2019\u00eatre redirig\u00e9 vers notre portail de paiement pour t\u00e9l\u00e9phone mobile<\/span><\/p>\n<p><img loading=\"lazy\" decoding=\"async\" class=\"size-full wp-image-822 aligncenter\" src=\"https:\/\/www.cbvcollections.com\/wp-content\/uploads\/2025\/06\/CBV_Collection_Services_billpay_FR.png\" alt=\"\" width=\"116\" height=\"162\"><\/p>\n<\/div>\n<div>\n<p><img loading=\"lazy\" decoding=\"async\" class=\"size-medium wp-image-800 aligncenter\" src=\"https:\/\/www.cbvcollections.com\/wp-content\/uploads\/2025\/06\/repay_mobile_phone_billpay_fr.png\" alt=\"\" width=\"146\" height=\"300\"><\/p>\n<p><img loading=\"lazy\" decoding=\"async\" class=\"size-full wp-image-809 aligncenter\" src=\"https:\/\/www.cbvcollections.com\/wp-content\/uploads\/2025\/06\/cbv_billpay_services_greyscale_fr.png\" alt=\"\" width=\"139\" height=\"139\"><\/p>\n<\/div>\n<\/div>\n","protected":false},"excerpt":{"rendered":"<p>Ordinateur : Cliquez ici, afin d\u2019\u00eatre redirig\u00e9 vers notre portail de paiement T\u00e9l\u00e9phone mobile : Cliquez ici, afin d\u2019\u00eatre redirig\u00e9 vers notre portail de paiement pour t\u00e9l\u00e9phone mobile<\/p>\n","protected":false},"author":1,"featured_media":0,"parent":163,"menu_order":54,"comment_status":"closed","ping_status":"closed","template":"page-templates\/two-column.php","meta":{"_acf_changed":false,"footnotes":""},"class_list":["post-176","page","type-page","status-publish","hentry"],"acf":[],"_links":{"self":[{"href":"https:\/\/www.cbvcollections.com\/fr\/wp-json\/wp\/v2\/pages\/176","targetHints":{"allow":["GET"]}}],"collection":[{"href":"https:\/\/www.cbvcollections.com\/fr\/wp-json\/wp\/v2\/pages"}],"about":[{"href":"https:\/\/www.cbvcollections.com\/fr\/wp-json\/wp\/v2\/types\/page"}],"author":[{"embeddable":true,"href":"https:\/\/www.cbvcollections.com\/fr\/wp-json\/wp\/v2\/users\/1"}],"replies":[{"embeddable":true,"href":"https:\/\/www.cbvcollections.com\/fr\/wp-json\/wp\/v2\/comments?post=176"}],"version-history":[{"count":11,"href":"https:\/\/www.cbvcollections.com\/fr\/wp-json\/wp\/v2\/pages\/176\/revisions"}],"predecessor-version":[{"id":1655,"href":"https:\/\/www.cbvcollections.com\/fr\/wp-json\/wp\/v2\/pages\/176\/revisions\/1655"}],"up":[{"embeddable":true,"href":"https:\/\/www.cbvcollections.com\/fr\/wp-json\/wp\/v2\/pages\/163"}],"wp:attachment":[{"href":"https:\/\/www.cbvcollections.com\/fr\/wp-json\/wp\/v2\/media?parent=176"}],"curies":[{"name":"wp","href":"https:\/\/api.w.org\/{rel}","templated":true}]}}