{"id":195,"date":"2017-10-04T06:28:05","date_gmt":"2017-10-04T06:28:05","guid":{"rendered":"http:\/\/www.cbvcollections.com\/beta\/?page_id=195"},"modified":"2019-04-22T14:17:17","modified_gmt":"2019-04-22T14:17:17","slug":"services-consommateur","status":"publish","type":"page","link":"https:\/\/www.cbvcollections.com\/fr\/services-consommateur\/","title":{"rendered":"Services consommateur"},"content":{"rendered":"<h4>Nous sommes l\u00e0 pour vous aider.<\/h4>\n<p>Devoir de l&rsquo;argent peut \u00eatre d\u00e9moralisant. Nous pouvons vous aider \u00e0 payer vos comptes et \u00e0 vous reposer. Plusieurs <a href=\"https:\/\/www.cbvcollections.com\/fr\/effectuer-un-paiement\/options-de-paiement\/\" target=\"_self\" rel=\"noopener noreferrer\">options de paiement<\/a> rapides et faciles sont disponibles en ligne. Si aucune des options propos\u00e9es ne vous convient, nous pouvons, dans la plupart des cas, personnaliser un programme de paiement selon vos crit\u00e8res. Nous offrons \u00e9galement des <a href=\"https:\/\/www.cbvcollections.com\/fr\/services-consommateur\/conseil\/\" target=\"_self\" rel=\"noopener noreferrer\">conseils<\/a> des remboursements intelligents et efficaces. <a href=\"https:\/\/www.cbvcollections.com\/fr\/contact\/\" target=\"_self\" rel=\"noopener noreferrer\">Parlez-nous<\/a> de votre situation.<\/p>\n<p>Si vous avez des suggestions pour am\u00e9liorer notre processus de recouvrement des cr\u00e9ances, veuillez nous en <a href=\"https:\/\/www.cbvcollections.com\/fr\/contact\/\">faire part<\/a>. Parlez-nous de votre exp\u00e9rience. Votre opinion est importante pour nous.<\/p>\n<p><strong>En fin de compte, notre objectif est le m\u00eame que le v\u00f4tre : Vous aider \u00e0 remonter la pente.<\/strong><\/p>\n<div class=\"services\">\n<div class=\"single-service\">\n<div class=\"image-div\"><img loading=\"lazy\" decoding=\"async\" class=\"alignnone size-full wp-image-387\" src=\"https:\/\/www.cbvcollections.com\/wp-content\/uploads\/2019\/03\/dollar.png\" alt=\"\" width=\"43\" height=\"61\"><\/div>\n<div class=\"service-content\">\n<h4>Vos options de paiement<\/h4>\n<p>Plusieurs options de paiement rapides et faciles sont disponibles en ligne.<\/p>\n<p><a class=\"common-link\" href=\"https:\/\/www.cbvcollections.com\/fr\/effectuer-un-paiement\/options-de-paiement\/\">Aller \u00e0 options de paiement<\/a><\/p>\n<\/div>\n<\/div>\n<div class=\"single-service\">\n<div class=\"image-div\"><img loading=\"lazy\" decoding=\"async\" class=\"alignnone size-full wp-image-388\" src=\"https:\/\/www.cbvcollections.com\/wp-content\/uploads\/2019\/03\/chat-icon.png\" alt=\"\" width=\"67\" height=\"58\"><\/div>\n<div class=\"service-content\">\n<h4>Parlez-nous<\/h4>\n<p>Nous offrons \u00e9galement des conseils pour un acquittement de dette intelligent et efficace. Parlez-nous-en.<\/p>\n<p><a class=\"common-link\" href=\"https:\/\/www.cbvcollections.com\/fr\/services-consommateur\/request-a-callback\/\">Contactez-nous maintenant<\/a><\/p>\n<\/div>\n<\/div>\n<div class=\"single-service\">\n<div class=\"image-div\"><img loading=\"lazy\" decoding=\"async\" class=\"alignnone size-full wp-image-389\" src=\"https:\/\/www.cbvcollections.com\/wp-content\/uploads\/2019\/03\/advice.png\" alt=\"\" width=\"63\" height=\"85\"><\/div>\n<div class=\"service-content\">\n<h4>Conseil<\/h4>\n<p>Nous offrons \u00e9galement des conseils pour un acquittement de dette intelligent et efficace. Parlez-nous-en.<\/p>\n<p><a class=\"common-link\" href=\"https:\/\/www.cbvcollections.com\/fr\/services-consommateur\/conseil\/\">Contactez-nous<\/a><\/p>\n<\/div>\n<\/div>\n<div class=\"single-service\">\n<div class=\"image-div\"><img loading=\"lazy\" decoding=\"async\" class=\"alignnone size-full wp-image-390\" src=\"https:\/\/www.cbvcollections.com\/wp-content\/uploads\/2019\/03\/feedback.png\" alt=\"\" width=\"66\" height=\"83\"><\/div>\n<div class=\"service-content\">\n<h4>R\u00e9troaction<\/h4>\n<p>Si vous avez une opinion sur la fa\u00e7on dont nous pouvons am\u00e9liorer le processus de recouvrement des cr\u00e9ances, veuillez nous en faire part.<\/p>\n<p><a class=\"common-link\" href=\"https:\/\/www.cbvcollections.com\/fr\/services-consommateur\/porter-plainte\/\">Faites-nous part de vos commentaires<\/a><\/p>\n<\/div>\n<\/div>\n<\/div>\n","protected":false},"excerpt":{"rendered":"<p>Nous sommes l\u00e0 pour vous aider. Devoir de l&rsquo;argent peut \u00eatre d\u00e9moralisant. Nous pouvons vous aider \u00e0 payer vos comptes et \u00e0 vous reposer. Plusieurs options de paiement rapides et faciles sont disponibles en ligne. Si aucune des options propos\u00e9es ne vous convient, nous pouvons, dans la plupart des cas, personnaliser un programme de paiement &hellip; <\/p>\n<p class=\"link-more\"><a href=\"https:\/\/www.cbvcollections.com\/fr\/services-consommateur\/\" class=\"more-link\">Continue reading<span class=\"screen-reader-text\"> \u00ab\u00a0Services consommateur\u00a0\u00bb<\/span><\/a><\/p>\n","protected":false},"author":1,"featured_media":1555,"parent":0,"menu_order":33,"comment_status":"closed","ping_status":"closed","template":"page-templates\/three-column.php","meta":{"_acf_changed":false,"footnotes":""},"class_list":["post-195","page","type-page","status-publish","has-post-thumbnail","hentry"],"acf":[],"_links":{"self":[{"href":"https:\/\/www.cbvcollections.com\/fr\/wp-json\/wp\/v2\/pages\/195","targetHints":{"allow":["GET"]}}],"collection":[{"href":"https:\/\/www.cbvcollections.com\/fr\/wp-json\/wp\/v2\/pages"}],"about":[{"href":"https:\/\/www.cbvcollections.com\/fr\/wp-json\/wp\/v2\/types\/page"}],"author":[{"embeddable":true,"href":"https:\/\/www.cbvcollections.com\/fr\/wp-json\/wp\/v2\/users\/1"}],"replies":[{"embeddable":true,"href":"https:\/\/www.cbvcollections.com\/fr\/wp-json\/wp\/v2\/comments?post=195"}],"version-history":[{"count":10,"href":"https:\/\/www.cbvcollections.com\/fr\/wp-json\/wp\/v2\/pages\/195\/revisions"}],"predecessor-version":[{"id":408,"href":"https:\/\/www.cbvcollections.com\/fr\/wp-json\/wp\/v2\/pages\/195\/revisions\/408"}],"wp:featuredmedia":[{"embeddable":true,"href":"https:\/\/www.cbvcollections.com\/fr\/wp-json\/wp\/v2\/media\/1555"}],"wp:attachment":[{"href":"https:\/\/www.cbvcollections.com\/fr\/wp-json\/wp\/v2\/media?parent=195"}],"curies":[{"name":"wp","href":"https:\/\/api.w.org\/{rel}","templated":true}]}}