{"id":208,"date":"2017-10-04T06:34:03","date_gmt":"2017-10-04T06:34:03","guid":{"rendered":"http:\/\/www.cbvcollections.com\/beta\/?page_id=208"},"modified":"2017-10-23T17:35:08","modified_gmt":"2017-10-23T17:35:08","slug":"request-a-callback","status":"publish","type":"page","link":"https:\/\/www.cbvcollections.com\/fr\/services-consommateur\/request-a-callback\/","title":{"rendered":"Demander un rappel"},"content":{"rendered":"\n<div class=\"wpcf7 no-js\" id=\"wpcf7-f514-o1\" lang=\"en-US\" dir=\"ltr\" data-wpcf7-id=\"514\">\n<div class=\"screen-reader-response\"><p role=\"status\" aria-live=\"polite\" aria-atomic=\"true\"><\/p> <ul><\/ul><\/div>\n<form action=\"\/fr\/wp-json\/wp\/v2\/pages\/208#wpcf7-f514-o1\" method=\"post\" class=\"wpcf7-form init\" aria-label=\"Contact form\" novalidate=\"novalidate\" data-status=\"init\">\n<fieldset class=\"hidden-fields-container\"><input type=\"hidden\" name=\"_wpcf7\" value=\"514\" \/><input type=\"hidden\" name=\"_wpcf7_version\" value=\"6.1.5\" \/><input type=\"hidden\" name=\"_wpcf7_locale\" value=\"en_US\" \/><input type=\"hidden\" name=\"_wpcf7_unit_tag\" value=\"wpcf7-f514-o1\" \/><input type=\"hidden\" name=\"_wpcf7_container_post\" value=\"0\" \/><input type=\"hidden\" name=\"_wpcf7_posted_data_hash\" value=\"\" \/><input type=\"hidden\" name=\"_wpcf7_recaptcha_response\" value=\"\" \/>\n<\/fieldset>\n<div class=\"form-block-outer\">\n\t<div class=\"form-block-row cform\">\n\t\t<div class=\"form-block-left\">\n\t\t\t<p><label>1. Inscrivez votre nom*<\/label>\n\t\t\t<\/p>\n\t\t<\/div>\n\t\t<div class=\"form-block-right\">\n\t\t\t<p><span class=\"wpcf7-form-control-wrap\" data-name=\"your-name\"><input size=\"40\" maxlength=\"400\" class=\"wpcf7-form-control wpcf7-text wpcf7-validates-as-required\" aria-required=\"true\" aria-invalid=\"false\" value=\"\" type=\"text\" name=\"your-name\" \/><\/span>\n\t\t\t<\/p>\n\t\t<\/div>\n\t<\/div>\n\t<div class=\"form-block-row cform phone-num\">\n\t\t<div class=\"form-block-left\">\n\t\t\t<p><label>2. Inscrivez votre num\u00e9ro de t\u00e9l\u00e9phone*<\/label>\n\t\t\t<\/p>\n\t\t<\/div>\n\t\t<div class=\"form-block-right\">\n\t\t\t<div class=\"phone-num1\">\n\t\t\t\t<p><span class=\"wpcf7-form-control-wrap\" data-name=\"phone1\"><input size=\"40\" maxlength=\"3\" class=\"wpcf7-form-control wpcf7-text\" aria-invalid=\"false\" value=\"\" type=\"text\" name=\"phone1\" \/><\/span>\n\t\t\t\t<\/p>\n\t\t\t<\/div>\n\t\t\t<div class=\"phone-num2\">\n\t\t\t\t<p><span class=\"wpcf7-form-control-wrap\" data-name=\"phone2\"><input size=\"40\" maxlength=\"3\" class=\"wpcf7-form-control wpcf7-text\" aria-invalid=\"false\" value=\"\" type=\"text\" name=\"phone2\" \/><\/span>\n\t\t\t\t<\/p>\n\t\t\t<\/div>\n\t\t\t<div class=\"phone-num3\">\n\t\t\t\t<p><span class=\"wpcf7-form-control-wrap\" data-name=\"phone3\"><input size=\"40\" maxlength=\"4\" class=\"wpcf7-form-control wpcf7-text\" aria-invalid=\"false\" value=\"\" type=\"text\" name=\"phone3\" \/><\/span>\n\t\t\t\t<\/p>\n\t\t\t<\/div>\n\t\t<\/div>\n\t<\/div>\n\t<div class=\"form-block-row cform\">\n\t\t<div class=\"form-block-left\">\n\t\t<\/div>\n\t\t<div class=\"form-block-right\">\n\t\t\t<div class=\"phone-num1\">\n\t\t\t\t<p><span>###<\/span>\n\t\t\t\t<\/p>\n\t\t\t<\/div>\n\t\t\t<div class=\"phone-num2\">\n\t\t\t\t<p><span>###<\/span>\n\t\t\t\t<\/p>\n\t\t\t<\/div>\n\t\t\t<div class=\"phone-num3\">\n\t\t\t\t<p><span>####<\/span>\n\t\t\t\t<\/p>\n\t\t\t<\/div>\n\t\t<\/div>\n\t<\/div>\n\t<div class=\"form-block-row cform\">\n\t\t<div class=\"form-block-left\">\n\t\t\t<p><label>3. Entrer votre Courriel*<\/label>\n\t\t\t<\/p>\n\t\t<\/div>\n\t\t<div class=\"form-block-right\">\n\t\t\t<p><span class=\"wpcf7-form-control-wrap\" data-name=\"your-email\"><input size=\"40\" maxlength=\"400\" class=\"wpcf7-form-control wpcf7-email wpcf7-validates-as-required wpcf7-text wpcf7-validates-as-email\" aria-required=\"true\" aria-invalid=\"false\" value=\"\" type=\"email\" name=\"your-email\" \/><\/span>\n\t\t\t<\/p>\n\t\t<\/div>\n\t<\/div>\n\t<div class=\"form-block-row cform\">\n\t\t<div class=\"form-block-left\">\n\t\t\t<p><label>4. Heure de rappel appropri\u00e9e<\/label>\n\t\t\t<\/p>\n\t\t<\/div>\n\t\t<div class=\"form-block-right\">\n\t\t\t<p><span class=\"wpcf7-form-control-wrap\" data-name=\"days\"><select class=\"wpcf7-form-control wpcf7-select\" aria-invalid=\"false\" name=\"days\"><option value=\"Lundi\">Lundi<\/option><option value=\"Mardi\">Mardi<\/option><option value=\"Mecredi\">Mecredi<\/option><option value=\"Jeudi\">Jeudi<\/option><option value=\"Vendredi\">Vendredi<\/option><option value=\"Samedi\">Samedi<\/option><option value=\"Dimanche\">Dimanche<\/option><\/select><\/span>\n\t\t\t<\/p>\n\t\t<\/div>\n\t<\/div>\n\t<div class=\"form-block-row cform\">\n\t\t<div class=\"form-block-left\">\n\t\t\t<p><label>5. A quelle heure?<\/label>\n\t\t\t<\/p>\n\t\t<\/div>\n\t\t<div class=\"form-block-right\">\n\t\t\t<p><span class=\"wpcf7-form-control-wrap\" data-name=\"time\"><select class=\"wpcf7-form-control wpcf7-select\" aria-invalid=\"false\" name=\"time\"><option value=\"8:00 am NHP\">8:00 am NHP<\/option><option value=\"9:00 am NHP\">9:00 am NHP<\/option><option value=\"10:00 am NHP\">10:00 am NHP<\/option><option value=\"1:00 pm NHP\">1:00 pm NHP<\/option><option value=\"2:00 pm NHP\">2:00 pm NHP<\/option><option value=\"3:00 pm NHP\">3:00 pm NHP<\/option><option value=\"4:00 pm NHP\">4:00 pm NHP<\/option><option value=\"5:00 pm NHP\">5:00 pm NHP<\/option><option value=\"6:00 pm NHP\">6:00 pm NHP<\/option><option value=\"7:00 pm NHP\">7:00 pm NHP<\/option><option value=\"8:00 pm NHP\">8:00 pm NHP<\/option><option value=\"9:00 pm NHP\">9:00 pm NHP<\/option><option value=\"10:00 pm NHP\">10:00 pm NHP<\/option><\/select><\/span>\n\t\t\t<\/p>\n\t\t<\/div>\n\t<\/div>\n\t<div class=\"form-block-row cform\">\n\t\t<div class=\"form-block-left\">\n\t\t\t<p><label>6. Concernant quel compte*<\/label>\n\t\t\t<\/p>\n\t\t<\/div>\n\t\t<div class=\"form-block-right\">\n\t\t\t<p><span class=\"wpcf7-form-control-wrap\" data-name=\"accounts\"><input size=\"40\" maxlength=\"400\" class=\"wpcf7-form-control wpcf7-text wpcf7-validates-as-required\" aria-required=\"true\" aria-invalid=\"false\" value=\"\" type=\"text\" name=\"accounts\" \/><\/span>\n\t\t\t<\/p>\n\t\t<\/div>\n\t<\/div>\n\t<div class=\"form-block-row cform\">\n\t\t<div class=\"form-block-left\">\n\t\t\t<p><label>7. Concernant quel compte<\/label>\n\t\t\t<\/p>\n\t\t<\/div>\n\t\t<div class=\"form-block-right\">\n\t\t\t<p><span class=\"wpcf7-form-control-wrap\" data-name=\"your-details\"><textarea cols=\"40\" rows=\"10\" maxlength=\"2000\" class=\"wpcf7-form-control wpcf7-textarea\" aria-invalid=\"false\" name=\"your-details\"><\/textarea><\/span>\n\t\t\t<\/p>\n\t\t<\/div>\n\t<\/div>\n <!--<div class=\"form-block-row cform\">\n       [cf7sr-simple-recaptcha]<\/div>-->\n\t<div class=\"form-block-row cform\">\n\t\t<div class=\"button\">\n\t\t\t<p><input class=\"wpcf7-form-control wpcf7-submit has-spinner button\" type=\"submit\" value=\"Envoyer\" \/>\n\t\t\t<\/p>\n\t\t<\/div>\n\t<\/div>\n<\/div><div class=\"wpcf7-response-output\" aria-hidden=\"true\"><\/div>\n<\/form>\n<\/div>\n\n","protected":false},"excerpt":{"rendered":"","protected":false},"author":1,"featured_media":590,"parent":195,"menu_order":44,"comment_status":"closed","ping_status":"closed","template":"page-templates\/three-column.php","meta":{"_acf_changed":false,"footnotes":""},"class_list":["post-208","page","type-page","status-publish","has-post-thumbnail","hentry"],"acf":[],"_links":{"self":[{"href":"https:\/\/www.cbvcollections.com\/fr\/wp-json\/wp\/v2\/pages\/208","targetHints":{"allow":["GET"]}}],"collection":[{"href":"https:\/\/www.cbvcollections.com\/fr\/wp-json\/wp\/v2\/pages"}],"about":[{"href":"https:\/\/www.cbvcollections.com\/fr\/wp-json\/wp\/v2\/types\/page"}],"author":[{"embeddable":true,"href":"https:\/\/www.cbvcollections.com\/fr\/wp-json\/wp\/v2\/users\/1"}],"replies":[{"embeddable":true,"href":"https:\/\/www.cbvcollections.com\/fr\/wp-json\/wp\/v2\/comments?post=208"}],"version-history":[{"count":5,"href":"https:\/\/www.cbvcollections.com\/fr\/wp-json\/wp\/v2\/pages\/208\/revisions"}],"predecessor-version":[{"id":515,"href":"https:\/\/www.cbvcollections.com\/fr\/wp-json\/wp\/v2\/pages\/208\/revisions\/515"}],"up":[{"embeddable":true,"href":"https:\/\/www.cbvcollections.com\/fr\/wp-json\/wp\/v2\/pages\/195"}],"wp:featuredmedia":[{"embeddable":true,"href":"https:\/\/www.cbvcollections.com\/fr\/wp-json\/wp\/v2\/media\/590"}],"wp:attachment":[{"href":"https:\/\/www.cbvcollections.com\/fr\/wp-json\/wp\/v2\/media?parent=208"}],"curies":[{"name":"wp","href":"https:\/\/api.w.org\/{rel}","templated":true}]}}