{"id":215,"date":"2017-10-04T06:37:47","date_gmt":"2017-10-04T06:37:47","guid":{"rendered":"http:\/\/www.cbvcollections.com\/beta\/?page_id=215"},"modified":"2017-10-23T17:35:36","modified_gmt":"2017-10-23T17:35:36","slug":"services-clients","status":"publish","type":"page","link":"https:\/\/www.cbvcollections.com\/fr\/services-clients\/","title":{"rendered":"Services clients"},"content":{"rendered":"<h4>Nous facilitons la gestion des comptes clients.<\/h4>\n<p>Notre philosophie est simple \u2013 et nous la prenons au s\u00e9rieux. Notre objectif est de recouvrer la totalit\u00e9 de vos cr\u00e9ances rapidement et de fa\u00e7on efficace sans ali\u00e9ner ou contrarier vos clients. Nous ne sommes pas l\u00e0 pour couper les ponts, nous les r\u00e9parons.<\/p>\n<p><strong>Votre r\u00e9putation est intacte et vous recevez ce qui vous est d\u00fb.<\/strong><\/p>\n<p>Nous vous repr\u00e9sentons toujours avec int\u00e9grit\u00e9 et professionnalisme. Il s&rsquo;agit de votre r\u00e9putation, apr\u00e8s tout. Nous comprenons et prenons ceci tr\u00e8s au s\u00e9rieux. Conserver une attitude positive pour vous ainsi que pour vos clients est notre priorit\u00e9.<\/p>\n<p>Nous faisons en sorte que vos clients re\u00e7oivent le soutien n\u00e9cessaire pendant le processus afin de faciliter le paiement de leurs dettes. Si vos clients se sentent soutenus, ils continueront de respecter votre entreprise et nous pourrons r\u00e9soudre le probl\u00e8me plus rapidement. Il s&rsquo;agit d&rsquo;une situation b\u00e9n\u00e9fique pour tous.<\/p>\n<p><strong>Communiquez avec nous aujourd&rsquo;hui m\u00eame :<\/strong><\/p>\n\n<div class=\"wpcf7 no-js\" id=\"wpcf7-f560-o1\" lang=\"en-US\" dir=\"ltr\" data-wpcf7-id=\"560\">\n<div class=\"screen-reader-response\"><p role=\"status\" aria-live=\"polite\" aria-atomic=\"true\"><\/p> <ul><\/ul><\/div>\n<form action=\"\/fr\/wp-json\/wp\/v2\/pages\/215#wpcf7-f560-o1\" method=\"post\" class=\"wpcf7-form init\" aria-label=\"Contact form\" novalidate=\"novalidate\" data-status=\"init\">\n<fieldset class=\"hidden-fields-container\"><input type=\"hidden\" name=\"_wpcf7\" value=\"560\" \/><input type=\"hidden\" name=\"_wpcf7_version\" value=\"6.1.5\" \/><input type=\"hidden\" name=\"_wpcf7_locale\" value=\"en_US\" \/><input type=\"hidden\" name=\"_wpcf7_unit_tag\" value=\"wpcf7-f560-o1\" \/><input type=\"hidden\" name=\"_wpcf7_container_post\" value=\"0\" \/><input type=\"hidden\" name=\"_wpcf7_posted_data_hash\" value=\"\" \/><input type=\"hidden\" name=\"_wpcf7_recaptcha_response\" value=\"\" \/>\n<\/fieldset>\n<div class=\"form-block-outer\">\n\t<div class=\"form-block-row cform\">\n\t\t<div class=\"form-block-left\">\n\t\t\t<p><label>Pr\u00e9nom :*<\/label>\n\t\t\t<\/p>\n\t\t<\/div>\n\t\t<div class=\"form-block-right\">\n\t\t\t<p><span class=\"wpcf7-form-control-wrap\" data-name=\"your-name\"><input size=\"40\" maxlength=\"400\" class=\"wpcf7-form-control wpcf7-text wpcf7-validates-as-required\" aria-required=\"true\" aria-invalid=\"false\" value=\"\" type=\"text\" name=\"your-name\" \/><\/span>\n\t\t\t<\/p>\n\t\t<\/div>\n\t<\/div>\n\t<div class=\"form-block-row cform\">\n\t\t<div class=\"form-block-left\">\n\t\t\t<p><label>Nom de famille : *<\/label>\n\t\t\t<\/p>\n\t\t<\/div>\n\t\t<div class=\"form-block-right\">\n\t\t\t<p><span class=\"wpcf7-form-control-wrap\" data-name=\"last-name\"><input size=\"40\" maxlength=\"400\" class=\"wpcf7-form-control wpcf7-text wpcf7-validates-as-required\" aria-required=\"true\" aria-invalid=\"false\" value=\"\" type=\"text\" name=\"last-name\" \/><\/span>\n\t\t\t<\/p>\n\t\t<\/div>\n\t<\/div>\n\t<div class=\"form-block-row cform\">\n\t\t<div class=\"form-block-left\">\n\t\t\t<p><label>Titre :<\/label>\n\t\t\t<\/p>\n\t\t<\/div>\n\t\t<div class=\"form-block-right\">\n\t\t\t<p><span class=\"wpcf7-form-control-wrap\" data-name=\"title\"><input size=\"40\" maxlength=\"400\" class=\"wpcf7-form-control wpcf7-text\" aria-invalid=\"false\" value=\"\" type=\"text\" name=\"title\" \/><\/span>\n\t\t\t<\/p>\n\t\t<\/div>\n\t<\/div>\n\t<div class=\"form-block-row cform\">\n\t\t<div class=\"form-block-left\">\n\t\t\t<p><label>Nom de l'entreprise :<\/label>\n\t\t\t<\/p>\n\t\t<\/div>\n\t\t<div class=\"form-block-right\">\n\t\t\t<p><span class=\"wpcf7-form-control-wrap\" data-name=\"company\"><input size=\"40\" maxlength=\"400\" class=\"wpcf7-form-control wpcf7-text\" aria-invalid=\"false\" value=\"\" type=\"text\" name=\"company\" \/><\/span>\n\t\t\t<\/p>\n\t\t<\/div>\n\t<\/div>\n\t<div class=\"form-block-row cform phone-num\">\n\t\t<div class=\"form-block-left\">\n\t\t\t<p><label>Num\u00e9ro de t\u00e9l\u00e9phone :<\/label>\n\t\t\t<\/p>\n\t\t<\/div>\n\t\t<div class=\"form-block-right\">\n\t\t\t<div class=\"phone-num1\">\n\t\t\t\t<p><span class=\"wpcf7-form-control-wrap\" data-name=\"phone1\"><input size=\"40\" maxlength=\"3\" class=\"wpcf7-form-control wpcf7-text\" aria-invalid=\"false\" value=\"\" type=\"text\" name=\"phone1\" \/><\/span>\n\t\t\t\t<\/p>\n\t\t\t<\/div>\n\t\t\t<div class=\"phone-num2\">\n\t\t\t\t<p><span class=\"wpcf7-form-control-wrap\" data-name=\"phone2\"><input size=\"40\" maxlength=\"3\" class=\"wpcf7-form-control wpcf7-text\" aria-invalid=\"false\" value=\"\" type=\"text\" name=\"phone2\" \/><\/span>\n\t\t\t\t<\/p>\n\t\t\t<\/div>\n\t\t\t<div class=\"phone-num3\">\n\t\t\t\t<p><span class=\"wpcf7-form-control-wrap\" data-name=\"phone3\"><input size=\"40\" maxlength=\"4\" class=\"wpcf7-form-control wpcf7-text\" aria-invalid=\"false\" value=\"\" type=\"text\" name=\"phone3\" \/><\/span>\n\t\t\t\t<\/p>\n\t\t\t<\/div>\n\t\t<\/div>\n\t<\/div>\n\t<div class=\"form-block-row cform\">\n\t\t<div class=\"form-block-left\">\n\t\t<\/div>\n\t\t<div class=\"form-block-right\">\n\t\t\t<div class=\"phone-num1\">\n\t\t\t\t<p><span>###<\/span>\n\t\t\t\t<\/p>\n\t\t\t<\/div>\n\t\t\t<div class=\"phone-num2\">\n\t\t\t\t<p><span>###<\/span>\n\t\t\t\t<\/p>\n\t\t\t<\/div>\n\t\t\t<div class=\"phone-num3\">\n\t\t\t\t<p><span>####<\/span>\n\t\t\t\t<\/p>\n\t\t\t<\/div>\n\t\t<\/div>\n\t<\/div>\n\t<div class=\"form-block-row cform\">\n\t\t<div class=\"form-block-left\">\n\t\t\t<p><label>Adresse de courriel : *<\/label>\n\t\t\t<\/p>\n\t\t<\/div>\n\t\t<div class=\"form-block-right\">\n\t\t\t<p><span class=\"wpcf7-form-control-wrap\" data-name=\"your-email\"><input size=\"40\" maxlength=\"400\" class=\"wpcf7-form-control wpcf7-email wpcf7-validates-as-required wpcf7-text wpcf7-validates-as-email\" aria-required=\"true\" aria-invalid=\"false\" value=\"\" type=\"email\" name=\"your-email\" \/><\/span>\n\t\t\t<\/p>\n\t\t<\/div>\n\t<\/div>\n\t<div class=\"form-block-row cform\">\n\t\t<div class=\"form-block-left\">\n\t\t\t<p><label>Site Web :<\/label>\n\t\t\t<\/p>\n\t\t<\/div>\n\t\t<div class=\"form-block-right\">\n\t\t\t<p><span class=\"wpcf7-form-control-wrap\" data-name=\"website\"><input size=\"40\" maxlength=\"400\" class=\"wpcf7-form-control wpcf7-text\" aria-invalid=\"false\" value=\"\" type=\"text\" name=\"website\" \/><\/span>\n\t\t\t<\/p>\n\t\t<\/div>\n\t<\/div>\n\t<div class=\"form-block-row cform\">\n\t\t<div class=\"form-block-left\">\n\t\t\t<p><label>Industrie :<\/label>\n\t\t\t<\/p>\n\t\t<\/div>\n\t\t<div class=\"form-block-right\">\n\t\t\t<p><span class=\"wpcf7-form-control-wrap\" data-name=\"industry-type\"><input size=\"40\" maxlength=\"400\" class=\"wpcf7-form-control wpcf7-text\" aria-invalid=\"false\" value=\"\" type=\"text\" name=\"industry-type\" \/><\/span>\n\t\t\t<\/p>\n\t\t<\/div>\n\t<\/div>\n\t<div class=\"form-block-row cform\">\n\t\t<div class=\"form-block-left\">\n\t\t\t<p><label>Combien d'employ\u00e9(e)s?<\/label>\n\t\t\t<\/p>\n\t\t<\/div>\n\t\t<div class=\"form-block-right\">\n\t\t\t<p><span class=\"wpcf7-form-control-wrap\" data-name=\"employees\"><select class=\"wpcf7-form-control wpcf7-select\" aria-invalid=\"false\" name=\"employees\"><option value=\"1 \u00e0 10\">1 \u00e0 10<\/option><option value=\"11 \u00e0 50\">11 \u00e0 50<\/option><option value=\"51 \u00e0 100\">51 \u00e0 100<\/option><option value=\"101 et plus\">101 et plus<\/option><\/select><\/span>\n\t\t\t<\/p>\n\t\t<\/div>\n\t<\/div>\n\t<div class=\"form-block-row cform\">\n\t\t<div class=\"form-block-left\">\n\t\t\t<p><label>Valeur totale des comptes par ann\u00e9e :<\/label>\n\t\t\t<\/p>\n\t\t<\/div>\n\t\t<div class=\"form-block-right\">\n\t\t\t<p><span class=\"wpcf7-form-control-wrap\" data-name=\"accounts\"><input size=\"40\" maxlength=\"400\" class=\"wpcf7-form-control wpcf7-text\" aria-invalid=\"false\" value=\"\" type=\"text\" name=\"accounts\" \/><\/span>\n\t\t\t<\/p>\n\t\t<\/div>\n\t<\/div>\n <!--<div class=\"form-block-row cform\">\n       [cf7sr-simple-recaptcha]<\/div>-->\n\t<div class=\"form-block-row cform button-outer\">\n\t\t<div class=\"button\">\n\t\t\t<p><input class=\"wpcf7-form-control wpcf7-submit has-spinner button\" type=\"submit\" value=\"Envoyer\" \/>\n\t\t\t<\/p>\n\t\t<\/div>\n\t<\/div>\n<\/div><div class=\"wpcf7-response-output\" aria-hidden=\"true\"><\/div>\n<\/form>\n<\/div>\n\n","protected":false},"excerpt":{"rendered":"<p>Nous facilitons la gestion des comptes clients. Notre philosophie est simple \u2013 et nous la prenons au s\u00e9rieux. Notre objectif est de recouvrer la totalit\u00e9 de vos cr\u00e9ances rapidement et de fa\u00e7on efficace sans ali\u00e9ner ou contrarier vos clients. Nous ne sommes pas l\u00e0 pour couper les ponts, nous les r\u00e9parons. Votre r\u00e9putation est intacte &hellip; <\/p>\n<p class=\"link-more\"><a href=\"https:\/\/www.cbvcollections.com\/fr\/services-clients\/\" class=\"more-link\">Continue reading<span class=\"screen-reader-text\"> \u00ab\u00a0Services clients\u00a0\u00bb<\/span><\/a><\/p>\n","protected":false},"author":1,"featured_media":589,"parent":0,"menu_order":21,"comment_status":"closed","ping_status":"closed","template":"page-templates\/three-column.php","meta":{"_acf_changed":false,"footnotes":""},"class_list":["post-215","page","type-page","status-publish","has-post-thumbnail","hentry"],"acf":[],"_links":{"self":[{"href":"https:\/\/www.cbvcollections.com\/fr\/wp-json\/wp\/v2\/pages\/215","targetHints":{"allow":["GET"]}}],"collection":[{"href":"https:\/\/www.cbvcollections.com\/fr\/wp-json\/wp\/v2\/pages"}],"about":[{"href":"https:\/\/www.cbvcollections.com\/fr\/wp-json\/wp\/v2\/types\/page"}],"author":[{"embeddable":true,"href":"https:\/\/www.cbvcollections.com\/fr\/wp-json\/wp\/v2\/users\/1"}],"replies":[{"embeddable":true,"href":"https:\/\/www.cbvcollections.com\/fr\/wp-json\/wp\/v2\/comments?post=215"}],"version-history":[{"count":8,"href":"https:\/\/www.cbvcollections.com\/fr\/wp-json\/wp\/v2\/pages\/215\/revisions"}],"predecessor-version":[{"id":561,"href":"https:\/\/www.cbvcollections.com\/fr\/wp-json\/wp\/v2\/pages\/215\/revisions\/561"}],"wp:featuredmedia":[{"embeddable":true,"href":"https:\/\/www.cbvcollections.com\/fr\/wp-json\/wp\/v2\/media\/589"}],"wp:attachment":[{"href":"https:\/\/www.cbvcollections.com\/fr\/wp-json\/wp\/v2\/media?parent=215"}],"curies":[{"name":"wp","href":"https:\/\/api.w.org\/{rel}","templated":true}]}}