{"id":219,"date":"2017-10-04T06:38:56","date_gmt":"2017-10-04T06:38:56","guid":{"rendered":"http:\/\/www.cbvcollections.com\/beta\/?page_id=219"},"modified":"2024-04-27T15:22:55","modified_gmt":"2024-04-27T15:22:55","slug":"compagnie","status":"publish","type":"page","link":"https:\/\/www.cbvcollections.com\/fr\/compagnie\/","title":{"rendered":"Nous sommes CBV"},"content":{"rendered":"<p>Agence de Recouvrement CBV (CBV) a \u00e9t\u00e9 fond\u00e9e en octobre 1921 et c\u00e9l\u00e8bre fi\u00e8rement cette ann\u00e9e un si\u00e8cle de services rendus \u00e0 ses clients et \u00e0 leurs consommateurs.<\/p>\n<p>CBV, anciennement connue sous le nom de \u00ab\u00a0Credit Bureau of Vancouver\u00a0\u00bb, est pass\u00e9e d&rsquo;une compagnie de comptes recevables r\u00e9gionale de r\u00e9putation enviable \u00e0 un fournisseur national de premier plan d\u2019impartition (BPO). Entretenant des relations de longue date avec des clients d\u2019envergure dans de nombreux secteurs, notamment des organismes gouvernementaux, des banques \u00e0 charte renomm\u00e9es et des soci\u00e9t\u00e9s de t\u00e9l\u00e9communications majeures, CBV est \u00e0 l&rsquo;avant-garde des services de centres d\u2019appel bilingues pour une vari\u00e9t\u00e9 de clients.<\/p>\n<p>Entamant nos c\u00e9l\u00e9brations qui dureront toute l\u2019ann\u00e9e, nous profitons de l\u2019occasion pour nous rem\u00e9morer avec gratitude nos r\u00e9alisations des 99 derni\u00e8res ann\u00e9es. Comme toujours, nous envisageons les 100 prochaines ann\u00e9es avec beaucoup d\u2019espoir. Pour citer Ken Downie, pr\u00e9sident de CBV de 1979 \u00e0 2011, \u00ab L&rsquo;industrie du recouvrement est un \u00e9l\u00e9ment vital et en plein essor de notre \u00e9conomie. L&rsquo;\u00e9nergie et les forces [de nos employ\u00e9s] font de CBV une composante essentielle de cette industrie nationale\u2026 nous devons cet accomplissement aux efforts et au soutien de nos excellents employ\u00e9s, pass\u00e9s et actuels, qui nous ont permis de prosp\u00e9rer.\u00a0\u00bb<\/p>\n<h4>Notre mission<\/h4>\n<p>L\u2019objectif principal de CBV est de fournir des services de recouvrement efficaces et respectueux, empreints d\u2019int\u00e9grit\u00e9 et de transparence.\u00a0 Pour ce faire, nous utilisons des m\u00e9thodes \u00e9prouv\u00e9es et innovantes, une technologie de pointe et un leadership en mati\u00e8re de conformit\u00e9 qui nous permettent d\u2019offrir des r\u00e9sultats exceptionnels \u00e0 nos clients et \u00e0 leurs consommateurs. Notre mission n&rsquo;est pas seulement d&rsquo;\u00eatre un leader en mati\u00e8re de recouvrement, mais \u00e9galement de montrer l\u2019exemple en encourageant l&rsquo;innovation pour relever les d\u00e9fis et en promouvant un environnement de collaboration avec nos clients internes et externes.<\/p>\n<h4>Valeurs de base<\/h4>\n<p>Comportement \u00e9thique et honn\u00eate<br \/>\nService de qualit\u00e9\u2028Productivit\u00e9 et rendement impeccables<br \/>\nEnvironnement de travail positif<\/p>\n<h4>\u00c9v\u00e9nements marquants<\/h4>\n<p><img loading=\"lazy\" decoding=\"async\" class=\"alignnone wp-image-1369 size-full\" src=\"https:\/\/www.cbvcollections.com\/wp-content\/uploads\/2021\/10\/CBV-Timeline-FR.png\" alt=\"\" width=\"716\" height=\"468\" srcset=\"https:\/\/www.cbvcollections.com\/wp-content\/uploads\/2021\/10\/CBV-Timeline-FR.png 716w, https:\/\/www.cbvcollections.com\/wp-content\/uploads\/2021\/10\/CBV-Timeline-FR-300x196.png 300w, https:\/\/www.cbvcollections.com\/wp-content\/uploads\/2021\/10\/CBV-Timeline-FR-24x16.png 24w, https:\/\/www.cbvcollections.com\/wp-content\/uploads\/2021\/10\/CBV-Timeline-FR-36x24.png 36w, https:\/\/www.cbvcollections.com\/wp-content\/uploads\/2021\/10\/CBV-Timeline-FR-48x31.png 48w\" sizes=\"auto, (max-width: 716px) 100vw, 716px\" \/><\/p>\n<p><em>*Agence de Recouvrement CBV (Canada) est une entit\u00e9 distincte et n&rsquo;est pas une filiale de CBV Collections, Inc. (USA)<\/em><\/p>\n","protected":false},"excerpt":{"rendered":"<p>Agence de Recouvrement CBV (CBV) a \u00e9t\u00e9 fond\u00e9e en octobre 1921 et c\u00e9l\u00e8bre fi\u00e8rement cette ann\u00e9e un si\u00e8cle de services rendus \u00e0 ses clients et \u00e0 leurs consommateurs. CBV, anciennement connue sous le nom de \u00ab\u00a0Credit Bureau of Vancouver\u00a0\u00bb, est pass\u00e9e d&rsquo;une compagnie de comptes recevables r\u00e9gionale de r\u00e9putation enviable \u00e0 un fournisseur national de &hellip; <\/p>\n<p class=\"link-more\"><a href=\"https:\/\/www.cbvcollections.com\/fr\/compagnie\/\" class=\"more-link\">Continue reading<span class=\"screen-reader-text\"> \u00ab\u00a0Nous sommes CBV\u00a0\u00bb<\/span><\/a><\/p>\n","protected":false},"author":1,"featured_media":592,"parent":0,"menu_order":22,"comment_status":"closed","ping_status":"closed","template":"page-templates\/two-column.php","meta":{"_acf_changed":false,"footnotes":""},"class_list":["post-219","page","type-page","status-publish","has-post-thumbnail","hentry"],"acf":[],"_links":{"self":[{"href":"https:\/\/www.cbvcollections.com\/fr\/wp-json\/wp\/v2\/pages\/219","targetHints":{"allow":["GET"]}}],"collection":[{"href":"https:\/\/www.cbvcollections.com\/fr\/wp-json\/wp\/v2\/pages"}],"about":[{"href":"https:\/\/www.cbvcollections.com\/fr\/wp-json\/wp\/v2\/types\/page"}],"author":[{"embeddable":true,"href":"https:\/\/www.cbvcollections.com\/fr\/wp-json\/wp\/v2\/users\/1"}],"replies":[{"embeddable":true,"href":"https:\/\/www.cbvcollections.com\/fr\/wp-json\/wp\/v2\/comments?post=219"}],"version-history":[{"count":7,"href":"https:\/\/www.cbvcollections.com\/fr\/wp-json\/wp\/v2\/pages\/219\/revisions"}],"predecessor-version":[{"id":1533,"href":"https:\/\/www.cbvcollections.com\/fr\/wp-json\/wp\/v2\/pages\/219\/revisions\/1533"}],"wp:featuredmedia":[{"embeddable":true,"href":"https:\/\/www.cbvcollections.com\/fr\/wp-json\/wp\/v2\/media\/592"}],"wp:attachment":[{"href":"https:\/\/www.cbvcollections.com\/fr\/wp-json\/wp\/v2\/media?parent=219"}],"curies":[{"name":"wp","href":"https:\/\/api.w.org\/{rel}","templated":true}]}}