{"id":227,"date":"2017-10-04T06:40:34","date_gmt":"2017-10-04T06:40:34","guid":{"rendered":"http:\/\/www.cbvcollections.com\/beta\/?page_id=227"},"modified":"2026-03-02T11:21:07","modified_gmt":"2026-03-02T11:21:07","slug":"profil-social-de-lentreprise","status":"publish","type":"page","link":"https:\/\/www.cbvcollections.com\/fr\/compagnie\/profil-social-de-lentreprise\/","title":{"rendered":"Profil social de l&rsquo;entreprise"},"content":{"rendered":"<h4>Les collectivit\u00e9s passent en premier.<\/h4>\n<h4>Dons de charit\u00e9.<\/h4>\n<p>Nous ne faisons pas que percevoir de l&rsquo;argent, nous en donnons aussi (ainsi que beaucoup de notre temps). Les Services de recouvrement CBV croient qu&rsquo;il est important de contribuer aux collectivit\u00e9s dont nous faisons partie. Des campagnes pour ramasser des manteaux d&rsquo;hiver des campagnes de financement jusqu&rsquo;aux d\u00e9fis dans le bureau et des commandites de course, nous aimons participer \u00e0 la r\u00e9ussite de nos collectivit\u00e9s.<\/p>\n<h4>Technologie.<\/h4>\n<p>Chez CBV, nous sommes toujours \u00e0 l&rsquo;aff\u00fbt des nouvelles technologies et ressources. Nous nous engageons \u00e0 \u00eatre toujours en t\u00eate de liste de fa\u00e7on \u00e0 ce que nos syst\u00e8mes et nos processus continuent d&rsquo;\u00eatre les leaders de l&rsquo;industrie et que nos clients soient satisfaits.<\/p>\n<h4>Initiatives \u00e9cologiques.<\/h4>\n<p>L&rsquo;\u00e9cologie n&rsquo;est pas qu&rsquo;un mot \u00e0 la mode, c&rsquo;est une exigence. Nous travaillons en \u00e9quipe afin de maintenir un environnement de travail \u00e9cologique, sain et s\u00e9curitaire. Nous assurons cette initiative en \u00e9tant conformes avec toutes les r\u00e8gles environnementales et en faisant des petits changements qui font une grande diff\u00e9rence, par exemple :<\/p>\n<ul class=\"listing\">\n<li>Utilisation des deux c\u00f4t\u00e9s de feuilles de papier<\/li>\n<li>N&rsquo;imprimer que lorsque n\u00e9cessaire<\/li>\n<li>Recyclage<\/li>\n<li>Utilisation d&rsquo;\u00e9quipement \u00e9lectronique <a href=\"http:\/\/www.energystar.gov\" target=\"_blank\">EnergyStar<\/a> electronic equipment, etc.<\/li>\n<li>Solarisation des bureaux avec des luminaires \u00e9co\u00e9nerg\u00e9tiques<\/li>\n<li>Mise en place d&rsquo;une politique de non-parfum<\/li>\n<li>R\u00e9duction des besoins en mati\u00e8re de d\u00e9placement \u00e0 l&rsquo;aide de conf\u00e9rences vid\u00e9o<\/li>\n<li>Offre des rabais exclusifs pour le transport en commun aux employ\u00e9s<\/li>\n<\/ul>\n<p>Nous visons \u00e0 r\u00e9duire notre empreinte carbone et \u00e0 augmenter notre investissement dans notre plan\u00e8te.<\/p>\n","protected":false},"excerpt":{"rendered":"<p>Les collectivit\u00e9s passent en premier. Dons de charit\u00e9. Nous ne faisons pas que percevoir de l&rsquo;argent, nous en donnons aussi (ainsi que beaucoup de notre temps). Les Services de recouvrement CBV croient qu&rsquo;il est important de contribuer aux collectivit\u00e9s dont nous faisons partie. Des campagnes pour ramasser des manteaux d&rsquo;hiver des campagnes de financement jusqu&rsquo;aux &hellip; <\/p>\n<p class=\"link-more\"><a href=\"https:\/\/www.cbvcollections.com\/fr\/compagnie\/profil-social-de-lentreprise\/\" class=\"more-link\">Continue reading<span class=\"screen-reader-text\"> \u00ab\u00a0Profil social de l&rsquo;entreprise\u00a0\u00bb<\/span><\/a><\/p>\n","protected":false},"author":1,"featured_media":592,"parent":219,"menu_order":25,"comment_status":"closed","ping_status":"closed","template":"page-templates\/two-column.php","meta":{"_acf_changed":false,"footnotes":""},"class_list":["post-227","page","type-page","status-publish","has-post-thumbnail","hentry"],"acf":[],"_links":{"self":[{"href":"https:\/\/www.cbvcollections.com\/fr\/wp-json\/wp\/v2\/pages\/227","targetHints":{"allow":["GET"]}}],"collection":[{"href":"https:\/\/www.cbvcollections.com\/fr\/wp-json\/wp\/v2\/pages"}],"about":[{"href":"https:\/\/www.cbvcollections.com\/fr\/wp-json\/wp\/v2\/types\/page"}],"author":[{"embeddable":true,"href":"https:\/\/www.cbvcollections.com\/fr\/wp-json\/wp\/v2\/users\/1"}],"replies":[{"embeddable":true,"href":"https:\/\/www.cbvcollections.com\/fr\/wp-json\/wp\/v2\/comments?post=227"}],"version-history":[{"count":6,"href":"https:\/\/www.cbvcollections.com\/fr\/wp-json\/wp\/v2\/pages\/227\/revisions"}],"predecessor-version":[{"id":1688,"href":"https:\/\/www.cbvcollections.com\/fr\/wp-json\/wp\/v2\/pages\/227\/revisions\/1688"}],"up":[{"embeddable":true,"href":"https:\/\/www.cbvcollections.com\/fr\/wp-json\/wp\/v2\/pages\/219"}],"wp:featuredmedia":[{"embeddable":true,"href":"https:\/\/www.cbvcollections.com\/fr\/wp-json\/wp\/v2\/media\/592"}],"wp:attachment":[{"href":"https:\/\/www.cbvcollections.com\/fr\/wp-json\/wp\/v2\/media?parent=227"}],"curies":[{"name":"wp","href":"https:\/\/api.w.org\/{rel}","templated":true}]}}