{"id":235,"date":"2017-10-04T06:49:57","date_gmt":"2017-10-04T06:49:57","guid":{"rendered":"http:\/\/www.cbvcollections.com\/beta\/?page_id=235"},"modified":"2019-03-27T09:59:39","modified_gmt":"2019-03-27T09:59:39","slug":"securite","status":"publish","type":"page","link":"https:\/\/www.cbvcollections.com\/fr\/compagnie\/securite\/","title":{"rendered":"S\u00e9curit\u00e9"},"content":{"rendered":"<h4>Les renseignements sont en s\u00e9curit\u00e9.<\/h4>\n<p>Chez CBV, nous traitons des renseignements personnels tous les jours. Nous comprenons l&rsquo;importance de maintenir les renseignements personnels ainsi que nos donn\u00e9es en toute s\u00e9curit\u00e9 et en toute confidentialit\u00e9.<\/p>\n<h4>Nous assurons ceci des fa\u00e7ons suivantes :<\/h4>\n<ul class=\"listing\">\n<li>Effectuer des v\u00e9rifications r\u00e9guli\u00e8rement.\n<ul>\n<li>Plus d&rsquo;une douzaine de v\u00e9rifications par ann\u00e9e<\/li>\n<li>V\u00e9rification ISO 27001 annuelle<\/li>\n<li>V\u00e9rification PCI annuelle<\/li>\n<\/ul>\n<\/li>\n<li>Mise en place de contr\u00f4les supervis\u00e9s par des v\u00e9rificateurs internes et externes de fa\u00e7on r\u00e9guli\u00e8re.<\/li>\n<\/ul>\n","protected":false},"excerpt":{"rendered":"<p>Les renseignements sont en s\u00e9curit\u00e9. Chez CBV, nous traitons des renseignements personnels tous les jours. Nous comprenons l&rsquo;importance de maintenir les renseignements personnels ainsi que nos donn\u00e9es en toute s\u00e9curit\u00e9 et en toute confidentialit\u00e9. Nous assurons ceci des fa\u00e7ons suivantes : Effectuer des v\u00e9rifications r\u00e9guli\u00e8rement. Plus d&rsquo;une douzaine de v\u00e9rifications par ann\u00e9e V\u00e9rification ISO 27001 &hellip; <\/p>\n<p class=\"link-more\"><a href=\"https:\/\/www.cbvcollections.com\/fr\/compagnie\/securite\/\" class=\"more-link\">Continue reading<span class=\"screen-reader-text\"> \u00ab\u00a0S\u00e9curit\u00e9\u00a0\u00bb<\/span><\/a><\/p>\n","protected":false},"author":1,"featured_media":592,"parent":219,"menu_order":32,"comment_status":"closed","ping_status":"closed","template":"page-templates\/two-column.php","meta":{"_acf_changed":false,"footnotes":""},"class_list":["post-235","page","type-page","status-publish","has-post-thumbnail","hentry"],"acf":[],"_links":{"self":[{"href":"https:\/\/www.cbvcollections.com\/fr\/wp-json\/wp\/v2\/pages\/235","targetHints":{"allow":["GET"]}}],"collection":[{"href":"https:\/\/www.cbvcollections.com\/fr\/wp-json\/wp\/v2\/pages"}],"about":[{"href":"https:\/\/www.cbvcollections.com\/fr\/wp-json\/wp\/v2\/types\/page"}],"author":[{"embeddable":true,"href":"https:\/\/www.cbvcollections.com\/fr\/wp-json\/wp\/v2\/users\/1"}],"replies":[{"embeddable":true,"href":"https:\/\/www.cbvcollections.com\/fr\/wp-json\/wp\/v2\/comments?post=235"}],"version-history":[{"count":3,"href":"https:\/\/www.cbvcollections.com\/fr\/wp-json\/wp\/v2\/pages\/235\/revisions"}],"predecessor-version":[{"id":372,"href":"https:\/\/www.cbvcollections.com\/fr\/wp-json\/wp\/v2\/pages\/235\/revisions\/372"}],"up":[{"embeddable":true,"href":"https:\/\/www.cbvcollections.com\/fr\/wp-json\/wp\/v2\/pages\/219"}],"wp:featuredmedia":[{"embeddable":true,"href":"https:\/\/www.cbvcollections.com\/fr\/wp-json\/wp\/v2\/media\/592"}],"wp:attachment":[{"href":"https:\/\/www.cbvcollections.com\/fr\/wp-json\/wp\/v2\/media?parent=235"}],"curies":[{"name":"wp","href":"https:\/\/api.w.org\/{rel}","templated":true}]}}