{"id":239,"date":"2017-10-04T06:51:02","date_gmt":"2017-10-04T06:51:02","guid":{"rendered":"http:\/\/www.cbvcollections.com\/beta\/?page_id=239"},"modified":"2026-04-01T16:10:04","modified_gmt":"2026-04-01T16:10:04","slug":"confidentialite","status":"publish","type":"page","link":"https:\/\/www.cbvcollections.com\/fr\/compagnie\/confidentialite\/","title":{"rendered":"Confidentialit\u00e9"},"content":{"rendered":"<h4>Notre politique de confidentialit\u00e9.<\/h4>\n<p>CBV s&rsquo;est toujours engag\u00e9 au respect de la confidentialit\u00e9 des renseignements personnels de ses employ\u00e9s, de des clients, de ses membres ainsi que des clients de leurs clients. Avec la mise en place de la Loi sur la protection des renseignements personnels et les documents \u00e9lectroniques (LPRPDE) f\u00e9d\u00e9rale le 1er janvier 2001, une telle protection est requise pour la divulgation de tout renseignement interprovincial \u00e0 l&rsquo;ext\u00e9rieur de la province d&rsquo;origine. Lorsque nous fournissons des services pour des entreprises dont la LPRPDE s&rsquo;applique, comme les institutions bancaires, des employeurs r\u00e9gis par le Code canadien du travail et autres entreprises divulguant des renseignements personnels entre provinces, ces clients peuvent exiger que nous adh\u00e9rions \u00e0 leur politique de confidentialit\u00e9 pr\u00e9par\u00e9e conform\u00e9ment \u00e0 la LPRPDE et aux lois provinciales pertinentes, plus particuli\u00e8rement les lois sur la protection des renseignements personnels (LPRP), en Colombie-Britannique et en Alberta, ainsi que la Loi sur la protection des renseignements personnels dans le secteur priv\u00e9 du Qu\u00e9bec.<\/p>\n<p>Pour en apprendre davantage, <a href=\"https:\/\/www.cbvcollections.com\/wp-content\/uploads\/2026\/04\/2.4-Politique-de-protection-des-renseignements-personnels-CBV-FLG-Website.pdf\" target=\"_blank\">cliquez ici.<\/a><\/p>\n","protected":false},"excerpt":{"rendered":"<p>Notre politique de confidentialit\u00e9. CBV s&rsquo;est toujours engag\u00e9 au respect de la confidentialit\u00e9 des renseignements personnels de ses employ\u00e9s, de des clients, de ses membres ainsi que des clients de leurs clients. Avec la mise en place de la Loi sur la protection des renseignements personnels et les documents \u00e9lectroniques (LPRPDE) f\u00e9d\u00e9rale le 1er janvier &hellip; <\/p>\n<p class=\"link-more\"><a href=\"https:\/\/www.cbvcollections.com\/fr\/compagnie\/confidentialite\/\" class=\"more-link\">Continue reading<span class=\"screen-reader-text\"> \u00ab\u00a0Confidentialit\u00e9\u00a0\u00bb<\/span><\/a><\/p>\n","protected":false},"author":1,"featured_media":592,"parent":219,"menu_order":31,"comment_status":"closed","ping_status":"closed","template":"page-templates\/two-column.php","meta":{"_acf_changed":false,"footnotes":""},"class_list":["post-239","page","type-page","status-publish","has-post-thumbnail","hentry"],"acf":[],"_links":{"self":[{"href":"https:\/\/www.cbvcollections.com\/fr\/wp-json\/wp\/v2\/pages\/239","targetHints":{"allow":["GET"]}}],"collection":[{"href":"https:\/\/www.cbvcollections.com\/fr\/wp-json\/wp\/v2\/pages"}],"about":[{"href":"https:\/\/www.cbvcollections.com\/fr\/wp-json\/wp\/v2\/types\/page"}],"author":[{"embeddable":true,"href":"https:\/\/www.cbvcollections.com\/fr\/wp-json\/wp\/v2\/users\/1"}],"replies":[{"embeddable":true,"href":"https:\/\/www.cbvcollections.com\/fr\/wp-json\/wp\/v2\/comments?post=239"}],"version-history":[{"count":8,"href":"https:\/\/www.cbvcollections.com\/fr\/wp-json\/wp\/v2\/pages\/239\/revisions"}],"predecessor-version":[{"id":1700,"href":"https:\/\/www.cbvcollections.com\/fr\/wp-json\/wp\/v2\/pages\/239\/revisions\/1700"}],"up":[{"embeddable":true,"href":"https:\/\/www.cbvcollections.com\/fr\/wp-json\/wp\/v2\/pages\/219"}],"wp:featuredmedia":[{"embeddable":true,"href":"https:\/\/www.cbvcollections.com\/fr\/wp-json\/wp\/v2\/media\/592"}],"wp:attachment":[{"href":"https:\/\/www.cbvcollections.com\/fr\/wp-json\/wp\/v2\/media?parent=239"}],"curies":[{"name":"wp","href":"https:\/\/api.w.org\/{rel}","templated":true}]}}