{"id":246,"date":"2017-10-04T06:52:50","date_gmt":"2017-10-04T06:52:50","guid":{"rendered":"http:\/\/www.cbvcollections.com\/beta\/?page_id=246"},"modified":"2017-10-23T17:40:08","modified_gmt":"2017-10-23T17:40:08","slug":"pourquoi-travailler-chez-cbv","status":"publish","type":"page","link":"https:\/\/www.cbvcollections.com\/fr\/carrieres\/pourquoi-travailler-chez-cbv\/","title":{"rendered":"Pourquoi travailler pour CBV?"},"content":{"rendered":"<h4>Une carri\u00e8re chez CBV est une excellente carri\u00e8re.<\/h4>\n<p>CBV est fier de son environnement agr\u00e9able, s\u00e9curitaire et sain. Notre \u00e9quipe a beaucoup de plaisir, offre des occasions d\u2019apprentissage, s&rsquo;am\u00e9liore constamment et est extraordinaire \u00e0 tant de niveaux.<br \/>\nUne carri\u00e8re chez CBV, c&rsquo;est :<\/p>\n<h6><strong>S\u00e9curit\u00e9 d&#8217;emploi.<\/strong><\/h6>\n<p>Le recouvrement est un service n\u00e9cessaire, ce qui signifie qu&rsquo;il y a toujours une occasion de grandir au sein de l\u2019entreprise ou de commencer au bas de l\u2019\u00e9chelle et d\u2019avancer dans celle-ci.<\/p>\n<h6><strong>Avantages.<\/strong><\/h6>\n<p>Qu&rsquo;il s&rsquo;agisse de comit\u00e9s sociaux, de journ\u00e9es d\u00e9contract\u00e9es, d&rsquo;\u00e9v\u00e9nements \u00e0 l&rsquo;interne ou d\u2019avantages sociaux \u00e9tendus comme les soins de sant\u00e9, le REER collectif, l&rsquo;\u00e9ducation permanente et plus, CBV offre une exp\u00e9rience de travail dynamique, enrichissante et valorisante.<\/p>\n<h6><strong>Diversit\u00e9.<\/strong><\/h6>\n<p>Les membres de notre \u00e9quipe parlent plus de 50 langues et proviennent plus de 50 pays. Nous sommes diversifi\u00e9s en culture et en expertise.<\/p>\n<h6><strong>\u00c9ducation.<\/strong><\/h6>\n<p>Nous poss\u00e9dons notre propre universit\u00e9 CBV \u2013 cours en ligne offerts sans frais aux directeurs, superviseurs et \u00e0 tous ceux int\u00e9ress\u00e9s par le perfectionnement.<\/p>\n","protected":false},"excerpt":{"rendered":"<p>Une carri\u00e8re chez CBV est une excellente carri\u00e8re. CBV est fier de son environnement agr\u00e9able, s\u00e9curitaire et sain. Notre \u00e9quipe a beaucoup de plaisir, offre des occasions d\u2019apprentissage, s&rsquo;am\u00e9liore constamment et est extraordinaire \u00e0 tant de niveaux. Une carri\u00e8re chez CBV, c&rsquo;est : S\u00e9curit\u00e9 d&#8217;emploi. Le recouvrement est un service n\u00e9cessaire, ce qui signifie qu&rsquo;il &hellip; <\/p>\n<p class=\"link-more\"><a href=\"https:\/\/www.cbvcollections.com\/fr\/carrieres\/pourquoi-travailler-chez-cbv\/\" class=\"more-link\">Continue reading<span class=\"screen-reader-text\"> \u00ab\u00a0Pourquoi travailler pour CBV?\u00a0\u00bb<\/span><\/a><\/p>\n","protected":false},"author":1,"featured_media":588,"parent":132,"menu_order":14,"comment_status":"closed","ping_status":"closed","template":"page-templates\/two-column.php","meta":{"_acf_changed":false,"footnotes":""},"class_list":["post-246","page","type-page","status-publish","has-post-thumbnail","hentry"],"acf":[],"_links":{"self":[{"href":"https:\/\/www.cbvcollections.com\/fr\/wp-json\/wp\/v2\/pages\/246","targetHints":{"allow":["GET"]}}],"collection":[{"href":"https:\/\/www.cbvcollections.com\/fr\/wp-json\/wp\/v2\/pages"}],"about":[{"href":"https:\/\/www.cbvcollections.com\/fr\/wp-json\/wp\/v2\/types\/page"}],"author":[{"embeddable":true,"href":"https:\/\/www.cbvcollections.com\/fr\/wp-json\/wp\/v2\/users\/1"}],"replies":[{"embeddable":true,"href":"https:\/\/www.cbvcollections.com\/fr\/wp-json\/wp\/v2\/comments?post=246"}],"version-history":[{"count":4,"href":"https:\/\/www.cbvcollections.com\/fr\/wp-json\/wp\/v2\/pages\/246\/revisions"}],"predecessor-version":[{"id":438,"href":"https:\/\/www.cbvcollections.com\/fr\/wp-json\/wp\/v2\/pages\/246\/revisions\/438"}],"up":[{"embeddable":true,"href":"https:\/\/www.cbvcollections.com\/fr\/wp-json\/wp\/v2\/pages\/132"}],"wp:featuredmedia":[{"embeddable":true,"href":"https:\/\/www.cbvcollections.com\/fr\/wp-json\/wp\/v2\/media\/588"}],"wp:attachment":[{"href":"https:\/\/www.cbvcollections.com\/fr\/wp-json\/wp\/v2\/media?parent=246"}],"curies":[{"name":"wp","href":"https:\/\/api.w.org\/{rel}","templated":true}]}}